{"id":35,"date":"2025-04-25T13:15:29","date_gmt":"2025-04-25T11:15:29","guid":{"rendered":"http:\/\/localhost\/gerster-heimtex\/?page_id=35"},"modified":"2025-11-27T09:56:21","modified_gmt":"2025-11-27T08:56:21","slug":"drop-shipping-fulfillment","status":"publish","type":"page","link":"https:\/\/www.gerster.com\/en\/leistungen\/drop-shipping-fulfillment\/","title":{"rendered":"Drop-Shipping &amp; Fulfillment"},"content":{"rendered":"<div class=\"wp-block-custom-ueberschrift-breadcrumbs ueberschrift-breadcrumbs\"><div class=\"wp-block-columns\"><div class=\"wp-block-column\" style=\"flex-basis:50%\"><h1>Dropshipping<br><em>&amp; Fullfillment<\/em><\/h1><\/div><div class=\"wp-block-column\" style=\"flex-basis:50%\"><div><p class=\"breadcrumbs\"><a href=\"https:\/\/www.gerster.com\/en\">Homepage<\/a><\/p><\/div><\/div><\/div><\/div>\n\n\n\n<div class=\"wp-block-columns is-layout-flex wp-container-core-columns-is-layout-9d6595d7 wp-block-columns-is-layout-flex\">\n<div class=\"wp-block-column is-layout-flow wp-block-column-is-layout-flow\" style=\"flex-basis:25%\">\n<div class=\"wp-block-custom-ueberschrift-klein-punkt ueberschrift-klein-punkt\"><p>Dropshipping &amp; Fulfillment<\/p><\/div>\n<\/div>\n\n\n\n<div class=\"wp-block-column is-layout-flow wp-block-column-is-layout-flow\" style=\"flex-basis:35%\">\n<h2 class=\"wp-block-heading\">Your logistics solution <br><em>for online retail<\/em><\/h2>\n<\/div>\n\n\n\n<div class=\"wp-block-column is-layout-flow wp-block-column-is-layout-flow\">\n<p>Do you run an online shop or sell through marketplaces and want to focus on sales, marketing, and customer service\u2014without your own warehouse or logistics? With our dropshipping and fulfillment service, we offer the right solution for successful online retail.<\/p>\n<\/div>\n<\/div>\n\n\n\n<div style=\"height:50px\" aria-hidden=\"true\" class=\"wp-block-spacer\"><\/div>\n\n\n<div class=\"hintergrundbild-block\" style=\"  width: 100vw;  margin-left: calc(-50vw + 50%);  margin-top: 0px;  margin-bottom: 0px;   position: relative; \">\r\n          <img decoding=\"async\" src=\"https:\/\/www.gerster.com\/wp-content\/uploads\/2025\/07\/dropshipping-bg-scaled.jpg\" alt=\"Hintergrundbild\"\r\n           style=\"width: 100%; height: 100%; object-fit: cover; position: absolute; top: 0; left: 0; min-height: 400px; z-index: -1;   object-position: center center\" loading=\"lazy\"\/>\r\n    <\/div>\r\n\r\n \r\n\r\n\r\n\r\n\r\n\n\n\n<div style=\"height:100px\" aria-hidden=\"true\" class=\"wp-block-spacer\"><\/div>\n\n\n\n<div class=\"wp-block-columns is-layout-flex wp-container-core-columns-is-layout-9d6595d7 wp-block-columns-is-layout-flex\">\n<div class=\"wp-block-column is-layout-flow wp-block-column-is-layout-flow\" style=\"flex-basis:25%\">\n<div class=\"wp-block-custom-ueberschrift-klein-punkt ueberschrift-klein-punkt\"><p><em>One-stop logistics<\/em><\/p><\/div>\n\n\n\n<h2 class=\"wp-block-heading\">Efficient, digital, and reliable<\/h2>\n<\/div>\n\n\n\n<div class=\"wp-block-column is-layout-flow wp-block-column-is-layout-flow\">\n<p>Thanks to our powerful infrastructure, we can receive, process, and execute order and delivery data <strong>fully automatically via digital interfaces<\/strong> in no time. Our constantly stocked collection of curtains, ready-made curtains, and accessories forms the basis for <strong>fast, reliable delivery directly to your end customers\u2014under your name.<\/strong>.<\/p>\n\n\n\n<p><strong>Your benefits at a glance:<\/strong><\/p>\n\n\n\n<ul class=\"wp-block-list\">\n<li><strong>Automated interfaces<\/strong> for fast and error-free data transmission<\/li>\n\n\n\n<li><strong>Direct shipping to end customers<\/strong> with neutral or customized shipping solutions<\/li>\n\n\n\n<li><strong>Short turnaround times<\/strong> thanks to a continuously available stock program<\/li>\n\n\n\n<li><strong>Reliable delivery<\/strong> through close cooperation with leading shipping providers<\/li>\n\n\n\n<li><strong>No investment required in warehousing, logistics, or personnel<\/strong><\/li>\n<\/ul>\n\n\n\n<p>Our <strong>digital and lean processes<\/strong> enable high scalability\u2014whether for single orders or large volumes. This creates the foundation for smooth logistics and a compelling shopping experience for your customers.<\/p>\n\n\n\n<hr class=\"wp-block-separator has-alpha-channel-opacity\"\/>\n\n\n\n<p><strong>With Gerster as your fulfillment partner, you trade efficiently, flexibly, and professionally\u2014without your own warehousing.<\/strong><br>Feel free to contact us to implement your individual dropshipping solution.<\/p>\n<\/div>\n<\/div>","protected":false},"excerpt":{"rendered":"<p>Ihre Logistikl\u00f6sung f\u00fcr den Onlinehandel Sie betreiben einen Onlineshop oder verkaufen \u00fcber Marktpl\u00e4tze und m\u00f6chten sich auf Vertrieb, Marketing und Kundenservice konzentrieren \u2013 ohne eigenes Lager oder Logistik? Mit unserem Dropshipping- und Fulfillment-Service bieten wir Ihnen die passende L\u00f6sung f\u00fcr den erfolgreichen Onlinehandel. Effizient, digital und zuverl\u00e4ssig Dank unserer leistungsf\u00e4higen Infrastruktur sind wir in der [&hellip;]<\/p>\n","protected":false},"author":1,"featured_media":0,"parent":27,"menu_order":0,"comment_status":"closed","ping_status":"closed","template":"","meta":{"_acf_changed":false,"footnotes":""},"class_list":["post-35","page","type-page","status-publish","hentry"],"acf":[],"yoast_head":"<!-- This site is optimized with the Yoast SEO plugin v27.5 - https:\/\/yoast.com\/product\/yoast-seo-wordpress\/ -->\n<title>Dropshipping &amp; Fulfillment \u25ba textile Logistikl\u00f6sungen<\/title>\n<meta name=\"description\" content=\"Effiziente \u2713 Versand- und \u2713 Fulfillment-Services f\u00fcr \u2713 Fachhandel \u2713 E-Commerce. Zuverl\u00e4ssige Abwicklung vom Hersteller \u25ba Jetzt informieren!\" \/>\n<meta name=\"robots\" content=\"index, follow, max-snippet:-1, max-image-preview:large, max-video-preview:-1\" \/>\n<link rel=\"canonical\" href=\"https:\/\/www.gerster.com\/en\/leistungen\/drop-shipping-fulfillment\/\" \/>\n<meta property=\"og:locale\" content=\"en_GB\" \/>\n<meta property=\"og:type\" content=\"article\" \/>\n<meta property=\"og:title\" content=\"Dropshipping &amp; Fulfillment \u25ba textile Logistikl\u00f6sungen\" \/>\n<meta property=\"og:description\" content=\"Effiziente \u2713 Versand- und \u2713 Fulfillment-Services f\u00fcr \u2713 Fachhandel \u2713 E-Commerce. Zuverl\u00e4ssige Abwicklung vom Hersteller \u25ba Jetzt informieren!\" \/>\n<meta property=\"og:url\" content=\"https:\/\/www.gerster.com\/en\/leistungen\/drop-shipping-fulfillment\/\" \/>\n<meta property=\"og:site_name\" content=\"Gerster HeimTex - Ihr Partner f\u00fcr hochwertige Gardinen, B\u00e4nder &amp; Accessoires\" \/>\n<meta property=\"article:publisher\" content=\"https:\/\/www.facebook.com\/GersterCollection\" \/>\n<meta property=\"article:modified_time\" content=\"2025-11-27T08:56:21+00:00\" \/>\n<meta name=\"twitter:card\" content=\"summary_large_image\" \/>\n<meta name=\"twitter:label1\" content=\"Estimated reading time\" \/>\n\t<meta name=\"twitter:data1\" content=\"1 minute\" \/>\n<script type=\"application\/ld+json\" class=\"yoast-schema-graph\">{\"@context\":\"https:\\\/\\\/schema.org\",\"@graph\":[{\"@type\":\"WebPage\",\"@id\":\"https:\\\/\\\/www.gerster.com\\\/leistungen\\\/drop-shipping-fulfillment\\\/\",\"url\":\"https:\\\/\\\/www.gerster.com\\\/leistungen\\\/drop-shipping-fulfillment\\\/\",\"name\":\"Dropshipping & Fulfillment \u25ba textile Logistikl\u00f6sungen\",\"isPartOf\":{\"@id\":\"https:\\\/\\\/www.gerster.com\\\/en\\\/#website\"},\"datePublished\":\"2025-04-25T11:15:29+00:00\",\"dateModified\":\"2025-11-27T08:56:21+00:00\",\"description\":\"Effiziente \u2713 Versand- und \u2713 Fulfillment-Services f\u00fcr \u2713 Fachhandel \u2713 E-Commerce. Zuverl\u00e4ssige Abwicklung vom Hersteller \u25ba Jetzt informieren!\",\"breadcrumb\":{\"@id\":\"https:\\\/\\\/www.gerster.com\\\/leistungen\\\/drop-shipping-fulfillment\\\/#breadcrumb\"},\"inLanguage\":\"en-GB\",\"potentialAction\":[{\"@type\":\"ReadAction\",\"target\":[\"https:\\\/\\\/www.gerster.com\\\/leistungen\\\/drop-shipping-fulfillment\\\/\"]}]},{\"@type\":\"BreadcrumbList\",\"@id\":\"https:\\\/\\\/www.gerster.com\\\/leistungen\\\/drop-shipping-fulfillment\\\/#breadcrumb\",\"itemListElement\":[{\"@type\":\"ListItem\",\"position\":1,\"name\":\"Startseite\",\"item\":\"https:\\\/\\\/www.gerster.com\\\/\"},{\"@type\":\"ListItem\",\"position\":2,\"name\":\"Leistungen\",\"item\":\"https:\\\/\\\/www.gerster.com\\\/leistungen\\\/\"},{\"@type\":\"ListItem\",\"position\":3,\"name\":\"Drop-Shipping &amp; Fulfillment\"}]},{\"@type\":\"WebSite\",\"@id\":\"https:\\\/\\\/www.gerster.com\\\/en\\\/#website\",\"url\":\"https:\\\/\\\/www.gerster.com\\\/en\\\/\",\"name\":\"Gerster HeimTex - Ihr Partner f\u00fcr hochwertige Gardinen, B\u00e4nder & Accessoires\",\"description\":\"\",\"publisher\":{\"@id\":\"https:\\\/\\\/www.gerster.com\\\/en\\\/#organization\"},\"potentialAction\":[{\"@type\":\"SearchAction\",\"target\":{\"@type\":\"EntryPoint\",\"urlTemplate\":\"https:\\\/\\\/www.gerster.com\\\/en\\\/?s={search_term_string}\"},\"query-input\":{\"@type\":\"PropertyValueSpecification\",\"valueRequired\":true,\"valueName\":\"search_term_string\"}}],\"inLanguage\":\"en-GB\"},{\"@type\":\"Organization\",\"@id\":\"https:\\\/\\\/www.gerster.com\\\/en\\\/#organization\",\"name\":\"Gerster HeimTex - Ihr Partner f\u00fcr hochwertige Gardinen, B\u00e4nder & Accessoires\",\"url\":\"https:\\\/\\\/www.gerster.com\\\/en\\\/\",\"logo\":{\"@type\":\"ImageObject\",\"inLanguage\":\"en-GB\",\"@id\":\"https:\\\/\\\/www.gerster.com\\\/en\\\/#\\\/schema\\\/logo\\\/image\\\/\",\"url\":\"https:\\\/\\\/www.gerster.com\\\/wp-content\\\/uploads\\\/2025\\\/05\\\/gerster-hometex-logo.png\",\"contentUrl\":\"https:\\\/\\\/www.gerster.com\\\/wp-content\\\/uploads\\\/2025\\\/05\\\/gerster-hometex-logo.png\",\"width\":213,\"height\":84,\"caption\":\"Gerster HeimTex - Ihr Partner f\u00fcr hochwertige Gardinen, B\u00e4nder & Accessoires\"},\"image\":{\"@id\":\"https:\\\/\\\/www.gerster.com\\\/en\\\/#\\\/schema\\\/logo\\\/image\\\/\"},\"sameAs\":[\"https:\\\/\\\/www.facebook.com\\\/GersterCollection\",\"https:\\\/\\\/www.instagram.com\\\/gerster_biberach\\\/\",\"https:\\\/\\\/www.youtube.com\\\/user\\\/GersterCollection\\\/videos\"]}]}<\/script>\n<!-- \/ Yoast SEO plugin. -->","yoast_head_json":{"title":"Dropshipping & Fulfillment \u25ba textile Logistikl\u00f6sungen","description":"Effiziente \u2713 Versand- und \u2713 Fulfillment-Services f\u00fcr \u2713 Fachhandel \u2713 E-Commerce. Zuverl\u00e4ssige Abwicklung vom Hersteller \u25ba Jetzt informieren!","robots":{"index":"index","follow":"follow","max-snippet":"max-snippet:-1","max-image-preview":"max-image-preview:large","max-video-preview":"max-video-preview:-1"},"canonical":"https:\/\/www.gerster.com\/en\/leistungen\/drop-shipping-fulfillment\/","og_locale":"en_GB","og_type":"article","og_title":"Dropshipping & Fulfillment \u25ba textile Logistikl\u00f6sungen","og_description":"Effiziente \u2713 Versand- und \u2713 Fulfillment-Services f\u00fcr \u2713 Fachhandel \u2713 E-Commerce. Zuverl\u00e4ssige Abwicklung vom Hersteller \u25ba Jetzt informieren!","og_url":"https:\/\/www.gerster.com\/en\/leistungen\/drop-shipping-fulfillment\/","og_site_name":"Gerster HeimTex - Ihr Partner f\u00fcr hochwertige Gardinen, B\u00e4nder &amp; Accessoires","article_publisher":"https:\/\/www.facebook.com\/GersterCollection","article_modified_time":"2025-11-27T08:56:21+00:00","twitter_card":"summary_large_image","twitter_misc":{"Estimated reading time":"1 minute"},"schema":{"@context":"https:\/\/schema.org","@graph":[{"@type":"WebPage","@id":"https:\/\/www.gerster.com\/leistungen\/drop-shipping-fulfillment\/","url":"https:\/\/www.gerster.com\/leistungen\/drop-shipping-fulfillment\/","name":"Dropshipping & Fulfillment \u25ba textile Logistikl\u00f6sungen","isPartOf":{"@id":"https:\/\/www.gerster.com\/en\/#website"},"datePublished":"2025-04-25T11:15:29+00:00","dateModified":"2025-11-27T08:56:21+00:00","description":"Effiziente \u2713 Versand- und \u2713 Fulfillment-Services f\u00fcr \u2713 Fachhandel \u2713 E-Commerce. Zuverl\u00e4ssige Abwicklung vom Hersteller \u25ba Jetzt informieren!","breadcrumb":{"@id":"https:\/\/www.gerster.com\/leistungen\/drop-shipping-fulfillment\/#breadcrumb"},"inLanguage":"en-GB","potentialAction":[{"@type":"ReadAction","target":["https:\/\/www.gerster.com\/leistungen\/drop-shipping-fulfillment\/"]}]},{"@type":"BreadcrumbList","@id":"https:\/\/www.gerster.com\/leistungen\/drop-shipping-fulfillment\/#breadcrumb","itemListElement":[{"@type":"ListItem","position":1,"name":"Startseite","item":"https:\/\/www.gerster.com\/"},{"@type":"ListItem","position":2,"name":"Leistungen","item":"https:\/\/www.gerster.com\/leistungen\/"},{"@type":"ListItem","position":3,"name":"Drop-Shipping &amp; Fulfillment"}]},{"@type":"WebSite","@id":"https:\/\/www.gerster.com\/en\/#website","url":"https:\/\/www.gerster.com\/en\/","name":"Gerster HeimTex - Ihr Partner f\u00fcr hochwertige Gardinen, B\u00e4nder & Accessoires","description":"","publisher":{"@id":"https:\/\/www.gerster.com\/en\/#organization"},"potentialAction":[{"@type":"SearchAction","target":{"@type":"EntryPoint","urlTemplate":"https:\/\/www.gerster.com\/en\/?s={search_term_string}"},"query-input":{"@type":"PropertyValueSpecification","valueRequired":true,"valueName":"search_term_string"}}],"inLanguage":"en-GB"},{"@type":"Organization","@id":"https:\/\/www.gerster.com\/en\/#organization","name":"Gerster HeimTex - Ihr Partner f\u00fcr hochwertige Gardinen, B\u00e4nder & Accessoires","url":"https:\/\/www.gerster.com\/en\/","logo":{"@type":"ImageObject","inLanguage":"en-GB","@id":"https:\/\/www.gerster.com\/en\/#\/schema\/logo\/image\/","url":"https:\/\/www.gerster.com\/wp-content\/uploads\/2025\/05\/gerster-hometex-logo.png","contentUrl":"https:\/\/www.gerster.com\/wp-content\/uploads\/2025\/05\/gerster-hometex-logo.png","width":213,"height":84,"caption":"Gerster HeimTex - Ihr Partner f\u00fcr hochwertige Gardinen, B\u00e4nder & Accessoires"},"image":{"@id":"https:\/\/www.gerster.com\/en\/#\/schema\/logo\/image\/"},"sameAs":["https:\/\/www.facebook.com\/GersterCollection","https:\/\/www.instagram.com\/gerster_biberach\/","https:\/\/www.youtube.com\/user\/GersterCollection\/videos"]}]}},"_links":{"self":[{"href":"https:\/\/www.gerster.com\/en\/wp-json\/wp\/v2\/pages\/35","targetHints":{"allow":["GET"]}}],"collection":[{"href":"https:\/\/www.gerster.com\/en\/wp-json\/wp\/v2\/pages"}],"about":[{"href":"https:\/\/www.gerster.com\/en\/wp-json\/wp\/v2\/types\/page"}],"author":[{"embeddable":true,"href":"https:\/\/www.gerster.com\/en\/wp-json\/wp\/v2\/users\/1"}],"replies":[{"embeddable":true,"href":"https:\/\/www.gerster.com\/en\/wp-json\/wp\/v2\/comments?post=35"}],"version-history":[{"count":19,"href":"https:\/\/www.gerster.com\/en\/wp-json\/wp\/v2\/pages\/35\/revisions"}],"predecessor-version":[{"id":2201,"href":"https:\/\/www.gerster.com\/en\/wp-json\/wp\/v2\/pages\/35\/revisions\/2201"}],"up":[{"embeddable":true,"href":"https:\/\/www.gerster.com\/en\/wp-json\/wp\/v2\/pages\/27"}],"wp:attachment":[{"href":"https:\/\/www.gerster.com\/en\/wp-json\/wp\/v2\/media?parent=35"}],"curies":[{"name":"wp","href":"https:\/\/api.w.org\/{rel}","templated":true}]}}