{"id":65,"date":"2025-04-25T13:19:36","date_gmt":"2025-04-25T11:19:36","guid":{"rendered":"http:\/\/localhost\/gerster-heimtex\/?page_id=65"},"modified":"2025-11-27T09:52:19","modified_gmt":"2025-11-27T08:52:19","slug":"kontaktformular","status":"publish","type":"page","link":"https:\/\/www.gerster.com\/en\/kontakt\/kontaktformular\/","title":{"rendered":"Contact form"},"content":{"rendered":"\n<div class=\"wp-block-custom-ueberschrift-zentriert ueberschrift-zentriert\" style=\"flex-basis:100%\"><p>Kontakt<\/p><h1>HeimTex <em>Kontakt<\/em><\/h1><\/div>\n\n\n<div class=\"hintergrundbild-block \" style=\"\r\n  width: 100vw;\r\n  margin-left: calc(-50vw + 50%);\r\n  margin-top: 40px;\r\n  margin-bottom: 0px;\r\n   position: relative;\r\n \">\r\n          <img decoding=\"async\" src=\"https:\/\/www.gerster.com\/wp-content\/uploads\/2025\/06\/DSF5141-scaled.jpg\" alt=\"Hintergrundbild\"\r\n           style=\"width: 100%; height: 100%; object-fit: cover; position: absolute; top: 0; left: 0; min-height: 400px; z-index: -1;   object-position: center center\" loading=\"lazy\"\/>\r\n    <\/div>\r\n\r\n \r\n\r\n\r\n\r\n\r\n\n\n\n<div style=\"height:75px\" aria-hidden=\"true\" class=\"wp-block-spacer\"><\/div>\n\n\n\n<div class=\"wp-block-columns is-layout-flex wp-container-core-columns-is-layout-9d6595d7 wp-block-columns-is-layout-flex\">\n<div class=\"wp-block-column is-layout-flow wp-block-column-is-layout-flow\" style=\"flex-basis:40%\">\n<div class=\"wp-block-custom-ueberschrift-klein-punkt ueberschrift-klein-punkt\"><p>Kontaktformular<\/p><\/div>\n\n\n\n<p>Gerster ist Ihr zuverl\u00e4ssiger Partner f\u00fcr Heimtextilien, Gardinenb\u00e4nder und textiles Fensterzubeh\u00f6r sowie Posamenten und dekorative Ziertextilien.<\/p>\n\n\n\n<p>Haben Sie Fragen zu unseren Produkten, Dienstleistungen oder individuellen L\u00f6sungen? Nutzen Sie das Kontaktformular, um uns Ihr Anliegen mitzuteilen. Unser Team freut sich darauf, Ihnen weiterzuhelfen.<\/p>\n<\/div>\n\n\n\n<div class=\"wp-block-column is-layout-flow wp-block-column-is-layout-flow\"><div class=\"frm_forms \" id=\"frm_form_1_container\" data-token=\"5ce3a28800faca4fbffa37cb6c95472a\">\n<form enctype=\"multipart\/form-data\" method=\"post\" class=\"frm-show-form kontaktformular frm_pro_form \" id=\"form_contact-form\" data-token=\"5ce3a28800faca4fbffa37cb6c95472a\">\n<div class=\"frm_form_fields \">\n<fieldset>\n<legend class=\"frm_screen_reader\">Kontaktformular &#8211; Gerster HeimTex<\/legend>\r\n\r\n<div class=\"frm_fields_container\">\n<input type=\"hidden\" name=\"frm_action\" value=\"create\" \/>\n<input type=\"hidden\" name=\"form_id\" value=\"1\" \/>\n<input type=\"hidden\" name=\"frm_hide_fields_1\" id=\"frm_hide_fields_1\" value=\"\" \/>\n<input type=\"hidden\" name=\"form_key\" value=\"contact-form\" \/>\n<input type=\"hidden\" name=\"item_meta[0]\" value=\"\" \/>\n<input type=\"hidden\" id=\"frm_submit_entry_1\" name=\"frm_submit_entry_1\" value=\"f58077398c\" \/><input type=\"hidden\" name=\"_wp_http_referer\" value=\"\/en\/wp-json\/wp\/v2\/pages\/65\" \/><div id=\"frm_field_7_container\" class=\"frm_form_field form-field  frm_required_field frm_top_container\">\r\n\t<label for=\"field_mfl0o\" id=\"field_mfl0o_label\" class=\"frm_primary_label\">Thema\r\n\t\t<span class=\"frm_required\" aria-hidden=\"true\">*<\/span>\r\n\t<\/label>\r\n\t\t\t<select name=\"item_meta[7]\" id=\"field_mfl0o\"  data-reqmsg=\"Thema kann nicht leer sein.\" aria-required=\"true\" data-invmsg=\"Thema ist ung\u00fcltig\" aria-invalid=\"false\"  >\n\t\t<option  value=\"Allgemeine Anfrage\">Allgemeine Anfrage<\/option><option  value=\"Personal\">Personal<\/option><option  value=\"Vertrieb\">Vertrieb<\/option><option  value=\"Compliance\">Compliance<\/option>\t<\/select>\n\t\r\n\t\r\n\t\r\n<\/div>\n<div id=\"frm_field_8_container\" class=\"frm_form_field form-field  frm_required_field frm_top_container\">\r\n\t<label for=\"field_gn1cs\" id=\"field_gn1cs_label\" class=\"frm_primary_label\">Anrede\r\n\t\t<span class=\"frm_required\" aria-hidden=\"true\">*<\/span>\r\n\t<\/label>\r\n\t\t\t<select name=\"item_meta[8]\" id=\"field_gn1cs\"  data-reqmsg=\"Anrede kann nicht leer sein.\" aria-required=\"true\" data-invmsg=\"Anrede ist ung\u00fcltig\" aria-invalid=\"false\"  >\n\t\t<option  value=\"Herr\">Herr<\/option><option  value=\"Frau\">Frau<\/option><option  value=\"Keine Angabe\">Keine Angabe<\/option>\t<\/select>\n\t\r\n\t\r\n\t\r\n<\/div>\n<div id=\"frm_field_11_container\" class=\"frm_form_field form-field  frm_required_field frm_top_container frm6 frm_first\">\r\n\t<label for=\"field_ilz22\" id=\"field_ilz22_label\" class=\"frm_primary_label\">Vorname\r\n\t\t<span class=\"frm_required\" aria-hidden=\"true\">*<\/span>\r\n\t<\/label>\r\n\t<input  type=\"text\" id=\"field_ilz22\" name=\"item_meta[11]\" value=\"\"  data-reqmsg=\"Vorname kann nicht leer sein.\" aria-required=\"true\" data-invmsg=\"Vorname ist ung\u00fcltig\" aria-invalid=\"false\"   \/>\r\n\t\r\n\t\r\n<\/div>\n<div id=\"frm_field_12_container\" class=\"frm_form_field form-field  frm_required_field frm_top_container frm6\">\r\n\t<label for=\"field_c9xa6\" id=\"field_c9xa6_label\" class=\"frm_primary_label\">Nachname\r\n\t\t<span class=\"frm_required\" aria-hidden=\"true\">*<\/span>\r\n\t<\/label>\r\n\t<input  type=\"text\" id=\"field_c9xa6\" name=\"item_meta[12]\" value=\"\"  data-reqmsg=\"Nachname kann nicht leer sein.\" aria-required=\"true\" data-invmsg=\"Nachname ist ung\u00fcltig\" aria-invalid=\"false\"   \/>\r\n\t\r\n\t\r\n<\/div>\n<div id=\"frm_field_24_container\" class=\"frm_form_field form-field  frm_top_container frm12 frm_first\">\r\n\t<label for=\"field_mqv0i\" id=\"field_mqv0i_label\" class=\"frm_primary_label\">Unternehmen\r\n\t\t<span class=\"frm_required\" aria-hidden=\"true\"><\/span>\r\n\t<\/label>\r\n\t<input  type=\"text\" id=\"field_mqv0i\" name=\"item_meta[24]\" value=\"\"  data-invmsg=\"Unternehmen ist ung\u00fcltig\" aria-invalid=\"false\"   \/>\r\n\t\r\n\t\r\n<\/div>\n<div id=\"frm_field_13_container\" class=\"frm_form_field form-field  frm_top_container frm12 frm_first\">\r\n\t<label for=\"field_xk9ea\" id=\"field_xk9ea_label\" class=\"frm_primary_label\">Kundennummer\r\n\t\t<span class=\"frm_required\" aria-hidden=\"true\"><\/span>\r\n\t<\/label>\r\n\t<input  type=\"text\" id=\"field_xk9ea\" name=\"item_meta[13]\" value=\"\"  data-invmsg=\"Kundennummer ist ung\u00fcltig\" aria-invalid=\"false\"   \/>\r\n\t\r\n\t\r\n<\/div>\n<div id=\"frm_field_14_container\" class=\"frm_form_field form-field  frm_top_container\">\r\n\t<label for=\"field_h6azo\" id=\"field_h6azo_label\" class=\"frm_primary_label\">Stra\u00dfe\r\n\t\t<span class=\"frm_required\" aria-hidden=\"true\"><\/span>\r\n\t<\/label>\r\n\t<input  type=\"text\" id=\"field_h6azo\" name=\"item_meta[14]\" value=\"\"  data-invmsg=\"Stra\u00dfe ist ung\u00fcltig\" aria-invalid=\"false\"   \/>\r\n\t\r\n\t\r\n<\/div>\n<div id=\"frm_field_15_container\" class=\"frm_form_field form-field  frm_top_container frm6 frm_first\">\r\n\t<label for=\"field_28a7y\" id=\"field_28a7y_label\" class=\"frm_primary_label\">Plz\r\n\t\t<span class=\"frm_required\" aria-hidden=\"true\"><\/span>\r\n\t<\/label>\r\n\t<input  type=\"text\" id=\"field_28a7y\" name=\"item_meta[15]\" value=\"\"  data-invmsg=\"Plz ist ung\u00fcltig\" aria-invalid=\"false\"   \/>\r\n\t\r\n\t\r\n<\/div>\n<div id=\"frm_field_16_container\" class=\"frm_form_field form-field  frm_top_container frm6\">\r\n\t<label for=\"field_dfg17\" id=\"field_dfg17_label\" class=\"frm_primary_label\">Ort\r\n\t\t<span class=\"frm_required\" aria-hidden=\"true\"><\/span>\r\n\t<\/label>\r\n\t<input  type=\"text\" id=\"field_dfg17\" name=\"item_meta[16]\" value=\"\"  data-invmsg=\"Ort ist ung\u00fcltig\" aria-invalid=\"false\"   \/>\r\n\t\r\n\t\r\n<\/div>\n<div id=\"frm_field_18_container\" class=\"frm_form_field form-field  frm_required_field frm_top_container frm12 frm_first\">\r\n\t<label for=\"field_tr38\" id=\"field_tr38_label\" class=\"frm_primary_label\">E-Mail\r\n\t\t<span class=\"frm_required\" aria-hidden=\"true\">*<\/span>\r\n\t<\/label>\r\n\t<input type=\"email\" id=\"field_tr38\" name=\"item_meta[18]\" value=\"\"  data-reqmsg=\"E-Mail kann nicht leer sein.\" aria-required=\"true\" data-invmsg=\"E-Mail ist ung\u00fcltig\" aria-invalid=\"false\"  \/>\r\n\t\r\n\t\r\n<\/div>\n<div id=\"frm_field_23_container\" class=\"frm_form_field form-field  frm_required_field frm_top_container\">\r\n\t<label for=\"field_fr7sq\" id=\"field_fr7sq_label\" class=\"frm_primary_label\">Telefon\r\n\t\t<span class=\"frm_required\" aria-hidden=\"true\">*<\/span>\r\n\t<\/label>\r\n\t<input type=\"email\" id=\"field_fr7sq\" name=\"item_meta[23]\" value=\"\"  data-reqmsg=\"Telefon kann nicht leer sein.\" aria-required=\"true\" data-invmsg=\"Telefon ist ung\u00fcltig\" aria-invalid=\"false\"  \/>\r\n\t\r\n\t\r\n<\/div>\n<div id=\"frm_field_17_container\" class=\"frm_form_field form-field  frm_top_container frm12 frm_first\">\r\n\t<label for=\"field_hev1d\" id=\"field_hev1d_label\" class=\"frm_primary_label\">Fax\r\n\t\t<span class=\"frm_required\" aria-hidden=\"true\"><\/span>\r\n\t<\/label>\r\n\t<input type=\"tel\" id=\"field_hev1d\" name=\"item_meta[17]\" value=\"\"  data-invmsg=\"Fax ist ung\u00fcltig\" aria-invalid=\"false\" pattern=\"((\\+\\d{1,3}(-|.| )?\\(?\\d\\)?(-| |.)?\\d{1,5})|(\\(?\\d{2,6}\\)?))(-|.| )?(\\d{3,4})(-|.| )?(\\d{4})(( x| ext)\\d{1,5}){0,1}$\"  \/>\r\n\t\r\n\t\r\n<\/div>\n<div id=\"frm_field_20_container\" class=\"frm_form_field form-field  frm_required_field frm_top_container frm12 frm_first\">\r\n\t<label for=\"field_7exgv\" id=\"field_7exgv_label\" class=\"frm_primary_label\">Ihre Anfrage\r\n\t\t<span class=\"frm_required\" aria-hidden=\"true\">*<\/span>\r\n\t<\/label>\r\n\t<textarea name=\"item_meta[20]\" id=\"field_7exgv\" rows=\"5\"  data-reqmsg=\"Ihre Anfrage kann nicht leer sein.\" aria-required=\"true\" data-invmsg=\"Ihre Anfrage ist ung\u00fcltig\" aria-invalid=\"false\"  ><\/textarea>\r\n\t\r\n\t\r\n<\/div>\n<div id=\"frm_field_22_container\" class=\"dsgvo  frm_form_field form-field  frm_required_field frm_none_container vertical_radio\">\r\n\t<div  id=\"field_ghp32_label\" class=\"frm_primary_label\">DSGVO\r\n\t\t<span class=\"frm_required\" aria-hidden=\"true\">*<\/span>\r\n\t<\/div>\r\n\t<div class=\"frm_opt_container\" aria-labelledby=\"field_ghp32_label\" role=\"group\">\t\t<div class=\"frm_checkbox\" id=\"frm_checkbox_22-0\">\t\t\t<label  for=\"field_ghp32-0\">\n\t\t\t<input type=\"checkbox\" name=\"item_meta[22][]\" id=\"field_ghp32-0\" value=\"Ich bin damit einverstanden, dass meine pers\u00f6nlichen Informationen und Daten zur Beantwortung meiner Anfrage in \u00dcbereinstimmung mit der &lt;a href=&quot;..\/datenschutzerklaerung&quot;&gt;Datenschutzerkl\u00e4rung&lt;\/a&gt; verarbeitet werden. Ich kann meine Einwilligung jederzeit f\u00fcr die Zukunft widerrufen, indem ich eine E-Mail an &lt;a href=&quot;mailto:info@gerster.com&quot;&gt;info@gerster.com&lt;\/a&gt; sende.\"  data-reqmsg=\"DSGVO kann nicht leer sein.\" data-invmsg=\"DSGVO ist ung\u00fcltig\"   aria-required=\"true\"  \/> Ich bin damit einverstanden, dass meine pers\u00f6nlichen Informationen und Daten zur Beantwortung meiner Anfrage in \u00dcbereinstimmung mit der <a href=\"..\/datenschutzerklaerung\">Datenschutzerkl\u00e4rung<\/a> verarbeitet werden. Ich kann meine Einwilligung jederzeit f\u00fcr die Zukunft widerrufen, indem ich eine E-Mail an <a href=\"mailto:info@gerster.com\">info@gerster.com<\/a> sende.<\/label><\/div>\n<\/div>\r\n\t\r\n\t\r\n<\/div>\n<div id=\"frm_field_21_container\" class=\"frm_form_field form-field  frm_none_container\">\r\n\t<label for=\"cf-turnstile-response\" id=\"field_2s41s_label\" class=\"frm_primary_label\">Captcha\r\n\t\t<span class=\"frm_required\" aria-hidden=\"true\"><\/span>\r\n\t<\/label>\r\n\t<div  id=\"field_2s41s\" class=\"frm-cf-turnstile\" data-sitekey=\"0x4AAAAAABq4Dai5u3HRTndA\" data-language=\"en-GB\" data-size=\"normal\" data-theme=\"light\"><\/div>\r\n\t\r\n\t\r\n<\/div>\n<div id=\"frm_field_10_container\" class=\"frm_form_field form-field  frm12 frm_first\">\r\n\t<div class=\"frm_submit frm_flex\">\r\n<button class=\"frm_button_submit frm_final_submit\" type=\"submit\"   formnovalidate=\"formnovalidate\">Absenden<\/button>\r\n\r\n\r\n\r\n<\/div>\r\n<\/div>\n\t<input type=\"hidden\" name=\"item_key\" value=\"\" \/>\n\t\t\t<div id=\"frm_field_25_container\">\n\t\t\t<label for=\"field_qx49i\" >\n\t\t\t\tIf you are human, leave this field blank.\t\t\t<\/label>\n\t\t\t<input  id=\"field_qx49i\" type=\"text\" class=\"frm_form_field form-field frm_verify\" name=\"item_meta[25]\" value=\"\"  \/>\n\t\t<\/div>\n\t\t<input name=\"frm_state\" type=\"hidden\" value=\"Cuevir6ktQ0mMGQy5SixAN8dNp01ZEUVhmUqsqPfxM7a1cBkMsid5GXHmYLELpB4\" \/><\/div>\n<\/fieldset>\n<\/div>\n\n<\/form>\n<\/div>\n<\/div>\n<\/div>\n","protected":false},"excerpt":{"rendered":"<p>Gerster ist Ihr zuverl\u00e4ssiger Partner f\u00fcr Heimtextilien, Gardinenb\u00e4nder und textiles Fensterzubeh\u00f6r sowie Posamenten und dekorative Ziertextilien. Haben Sie Fragen zu unseren Produkten, Dienstleistungen oder individuellen L\u00f6sungen? Nutzen Sie das Kontaktformular, um uns Ihr Anliegen mitzuteilen. Unser Team freut sich darauf, Ihnen weiterzuhelfen.<\/p>","protected":false},"author":1,"featured_media":0,"parent":63,"menu_order":0,"comment_status":"closed","ping_status":"closed","template":"","meta":{"_acf_changed":false,"footnotes":""},"class_list":["post-65","page","type-page","status-publish","hentry"],"acf":[],"yoast_head":"<!-- This site is optimized with the Yoast SEO plugin v27.5 - https:\/\/yoast.com\/product\/yoast-seo-wordpress\/ -->\n<title>Kontaktformular \u25ba Gerster schnell &amp; direkt erreichen<\/title>\n<meta name=\"description\" content=\"Fragen zu Produkten, Services oder Projekten? Nachricht senden und schnelle R\u00fcckmeldung erhalten \u25ba Jetzt informieren!\" \/>\n<meta name=\"robots\" content=\"index, follow, max-snippet:-1, max-image-preview:large, max-video-preview:-1\" \/>\n<link rel=\"canonical\" href=\"https:\/\/www.gerster.com\/en\/kontakt\/kontaktformular\/\" \/>\n<meta property=\"og:locale\" content=\"en_GB\" \/>\n<meta property=\"og:type\" content=\"article\" \/>\n<meta property=\"og:title\" content=\"Kontaktformular \u25ba Gerster schnell &amp; direkt erreichen\" \/>\n<meta property=\"og:description\" content=\"Fragen zu Produkten, Services oder Projekten? Nachricht senden und schnelle R\u00fcckmeldung erhalten \u25ba Jetzt informieren!\" \/>\n<meta property=\"og:url\" content=\"https:\/\/www.gerster.com\/en\/kontakt\/kontaktformular\/\" \/>\n<meta property=\"og:site_name\" content=\"Gerster HeimTex - Ihr Partner f\u00fcr hochwertige Gardinen, B\u00e4nder &amp; Accessoires\" \/>\n<meta property=\"article:publisher\" content=\"https:\/\/www.facebook.com\/GersterCollection\" \/>\n<meta property=\"article:modified_time\" content=\"2025-11-27T08:52:19+00:00\" \/>\n<meta name=\"twitter:card\" content=\"summary_large_image\" \/>\n<script type=\"application\/ld+json\" class=\"yoast-schema-graph\">{\"@context\":\"https:\\\/\\\/schema.org\",\"@graph\":[{\"@type\":\"WebPage\",\"@id\":\"https:\\\/\\\/www.gerster.com\\\/kontakt\\\/kontaktformular\\\/\",\"url\":\"https:\\\/\\\/www.gerster.com\\\/kontakt\\\/kontaktformular\\\/\",\"name\":\"Kontaktformular \u25ba Gerster schnell & direkt erreichen\",\"isPartOf\":{\"@id\":\"https:\\\/\\\/www.gerster.com\\\/en\\\/#website\"},\"datePublished\":\"2025-04-25T11:19:36+00:00\",\"dateModified\":\"2025-11-27T08:52:19+00:00\",\"description\":\"Fragen zu Produkten, Services oder Projekten? Nachricht senden und schnelle R\u00fcckmeldung erhalten \u25ba Jetzt informieren!\",\"breadcrumb\":{\"@id\":\"https:\\\/\\\/www.gerster.com\\\/kontakt\\\/kontaktformular\\\/#breadcrumb\"},\"inLanguage\":\"en-GB\",\"potentialAction\":[{\"@type\":\"ReadAction\",\"target\":[\"https:\\\/\\\/www.gerster.com\\\/kontakt\\\/kontaktformular\\\/\"]}]},{\"@type\":\"BreadcrumbList\",\"@id\":\"https:\\\/\\\/www.gerster.com\\\/kontakt\\\/kontaktformular\\\/#breadcrumb\",\"itemListElement\":[{\"@type\":\"ListItem\",\"position\":1,\"name\":\"Startseite\",\"item\":\"https:\\\/\\\/www.gerster.com\\\/\"},{\"@type\":\"ListItem\",\"position\":2,\"name\":\"Kontakt\",\"item\":\"https:\\\/\\\/www.gerster.com\\\/kontakt\\\/\"},{\"@type\":\"ListItem\",\"position\":3,\"name\":\"Kontaktformular\"}]},{\"@type\":\"WebSite\",\"@id\":\"https:\\\/\\\/www.gerster.com\\\/en\\\/#website\",\"url\":\"https:\\\/\\\/www.gerster.com\\\/en\\\/\",\"name\":\"Gerster HeimTex - Ihr Partner f\u00fcr hochwertige Gardinen, B\u00e4nder & Accessoires\",\"description\":\"\",\"publisher\":{\"@id\":\"https:\\\/\\\/www.gerster.com\\\/en\\\/#organization\"},\"potentialAction\":[{\"@type\":\"SearchAction\",\"target\":{\"@type\":\"EntryPoint\",\"urlTemplate\":\"https:\\\/\\\/www.gerster.com\\\/en\\\/?s={search_term_string}\"},\"query-input\":{\"@type\":\"PropertyValueSpecification\",\"valueRequired\":true,\"valueName\":\"search_term_string\"}}],\"inLanguage\":\"en-GB\"},{\"@type\":\"Organization\",\"@id\":\"https:\\\/\\\/www.gerster.com\\\/en\\\/#organization\",\"name\":\"Gerster HeimTex - Ihr Partner f\u00fcr hochwertige Gardinen, B\u00e4nder & Accessoires\",\"url\":\"https:\\\/\\\/www.gerster.com\\\/en\\\/\",\"logo\":{\"@type\":\"ImageObject\",\"inLanguage\":\"en-GB\",\"@id\":\"https:\\\/\\\/www.gerster.com\\\/en\\\/#\\\/schema\\\/logo\\\/image\\\/\",\"url\":\"https:\\\/\\\/www.gerster.com\\\/wp-content\\\/uploads\\\/2025\\\/05\\\/gerster-hometex-logo.png\",\"contentUrl\":\"https:\\\/\\\/www.gerster.com\\\/wp-content\\\/uploads\\\/2025\\\/05\\\/gerster-hometex-logo.png\",\"width\":213,\"height\":84,\"caption\":\"Gerster HeimTex - Ihr Partner f\u00fcr hochwertige Gardinen, B\u00e4nder & Accessoires\"},\"image\":{\"@id\":\"https:\\\/\\\/www.gerster.com\\\/en\\\/#\\\/schema\\\/logo\\\/image\\\/\"},\"sameAs\":[\"https:\\\/\\\/www.facebook.com\\\/GersterCollection\",\"https:\\\/\\\/www.instagram.com\\\/gerster_biberach\\\/\",\"https:\\\/\\\/www.youtube.com\\\/user\\\/GersterCollection\\\/videos\"]}]}<\/script>\n<!-- \/ Yoast SEO plugin. -->","yoast_head_json":{"title":"Kontaktformular \u25ba Gerster schnell & direkt erreichen","description":"Fragen zu Produkten, Services oder Projekten? Nachricht senden und schnelle R\u00fcckmeldung erhalten \u25ba Jetzt informieren!","robots":{"index":"index","follow":"follow","max-snippet":"max-snippet:-1","max-image-preview":"max-image-preview:large","max-video-preview":"max-video-preview:-1"},"canonical":"https:\/\/www.gerster.com\/en\/kontakt\/kontaktformular\/","og_locale":"en_GB","og_type":"article","og_title":"Kontaktformular \u25ba Gerster schnell & direkt erreichen","og_description":"Fragen zu Produkten, Services oder Projekten? Nachricht senden und schnelle R\u00fcckmeldung erhalten \u25ba Jetzt informieren!","og_url":"https:\/\/www.gerster.com\/en\/kontakt\/kontaktformular\/","og_site_name":"Gerster HeimTex - Ihr Partner f\u00fcr hochwertige Gardinen, B\u00e4nder &amp; Accessoires","article_publisher":"https:\/\/www.facebook.com\/GersterCollection","article_modified_time":"2025-11-27T08:52:19+00:00","twitter_card":"summary_large_image","schema":{"@context":"https:\/\/schema.org","@graph":[{"@type":"WebPage","@id":"https:\/\/www.gerster.com\/kontakt\/kontaktformular\/","url":"https:\/\/www.gerster.com\/kontakt\/kontaktformular\/","name":"Kontaktformular \u25ba Gerster schnell & direkt erreichen","isPartOf":{"@id":"https:\/\/www.gerster.com\/en\/#website"},"datePublished":"2025-04-25T11:19:36+00:00","dateModified":"2025-11-27T08:52:19+00:00","description":"Fragen zu Produkten, Services oder Projekten? Nachricht senden und schnelle R\u00fcckmeldung erhalten \u25ba Jetzt informieren!","breadcrumb":{"@id":"https:\/\/www.gerster.com\/kontakt\/kontaktformular\/#breadcrumb"},"inLanguage":"en-GB","potentialAction":[{"@type":"ReadAction","target":["https:\/\/www.gerster.com\/kontakt\/kontaktformular\/"]}]},{"@type":"BreadcrumbList","@id":"https:\/\/www.gerster.com\/kontakt\/kontaktformular\/#breadcrumb","itemListElement":[{"@type":"ListItem","position":1,"name":"Startseite","item":"https:\/\/www.gerster.com\/"},{"@type":"ListItem","position":2,"name":"Kontakt","item":"https:\/\/www.gerster.com\/kontakt\/"},{"@type":"ListItem","position":3,"name":"Kontaktformular"}]},{"@type":"WebSite","@id":"https:\/\/www.gerster.com\/en\/#website","url":"https:\/\/www.gerster.com\/en\/","name":"Gerster HeimTex - Ihr Partner f\u00fcr hochwertige Gardinen, B\u00e4nder & Accessoires","description":"","publisher":{"@id":"https:\/\/www.gerster.com\/en\/#organization"},"potentialAction":[{"@type":"SearchAction","target":{"@type":"EntryPoint","urlTemplate":"https:\/\/www.gerster.com\/en\/?s={search_term_string}"},"query-input":{"@type":"PropertyValueSpecification","valueRequired":true,"valueName":"search_term_string"}}],"inLanguage":"en-GB"},{"@type":"Organization","@id":"https:\/\/www.gerster.com\/en\/#organization","name":"Gerster HeimTex - Ihr Partner f\u00fcr hochwertige Gardinen, B\u00e4nder & Accessoires","url":"https:\/\/www.gerster.com\/en\/","logo":{"@type":"ImageObject","inLanguage":"en-GB","@id":"https:\/\/www.gerster.com\/en\/#\/schema\/logo\/image\/","url":"https:\/\/www.gerster.com\/wp-content\/uploads\/2025\/05\/gerster-hometex-logo.png","contentUrl":"https:\/\/www.gerster.com\/wp-content\/uploads\/2025\/05\/gerster-hometex-logo.png","width":213,"height":84,"caption":"Gerster HeimTex - Ihr Partner f\u00fcr hochwertige Gardinen, B\u00e4nder & Accessoires"},"image":{"@id":"https:\/\/www.gerster.com\/en\/#\/schema\/logo\/image\/"},"sameAs":["https:\/\/www.facebook.com\/GersterCollection","https:\/\/www.instagram.com\/gerster_biberach\/","https:\/\/www.youtube.com\/user\/GersterCollection\/videos"]}]}},"_links":{"self":[{"href":"https:\/\/www.gerster.com\/en\/wp-json\/wp\/v2\/pages\/65","targetHints":{"allow":["GET"]}}],"collection":[{"href":"https:\/\/www.gerster.com\/en\/wp-json\/wp\/v2\/pages"}],"about":[{"href":"https:\/\/www.gerster.com\/en\/wp-json\/wp\/v2\/types\/page"}],"author":[{"embeddable":true,"href":"https:\/\/www.gerster.com\/en\/wp-json\/wp\/v2\/users\/1"}],"replies":[{"embeddable":true,"href":"https:\/\/www.gerster.com\/en\/wp-json\/wp\/v2\/comments?post=65"}],"version-history":[{"count":13,"href":"https:\/\/www.gerster.com\/en\/wp-json\/wp\/v2\/pages\/65\/revisions"}],"predecessor-version":[{"id":2208,"href":"https:\/\/www.gerster.com\/en\/wp-json\/wp\/v2\/pages\/65\/revisions\/2208"}],"up":[{"embeddable":true,"href":"https:\/\/www.gerster.com\/en\/wp-json\/wp\/v2\/pages\/63"}],"wp:attachment":[{"href":"https:\/\/www.gerster.com\/en\/wp-json\/wp\/v2\/media?parent=65"}],"curies":[{"name":"wp","href":"https:\/\/api.w.org\/{rel}","templated":true}]}}