{"id":686,"date":"2025-07-22T11:04:39","date_gmt":"2025-07-22T09:04:39","guid":{"rendered":"http:\/\/localhost\/gerster-heimtex\/cookie-richtlinie\/"},"modified":"2025-11-27T09:39:51","modified_gmt":"2025-11-27T08:39:51","slug":"cookie-richtlinie","status":"publish","type":"page","link":"https:\/\/www.gerster.com\/en\/cookie-richtlinie\/","title":{"rendered":"Cookie-Richtlinie"},"content":{"rendered":"<h1 class=\"wp-block-heading\">Cookie-Richtlinie<\/h1>\n\n\n\n<hr class=\"wp-block-separator has-alpha-channel-opacity\"\/>\n\n\n\n<div class=\"cmplz-document cookie-statement cmplz-document-eu\" id=\"cmplz-document\"><p><i>Diese Cookie-Richtlinie wurde zuletzt am 28. Juli 2025 aktualisiert und gilt f\u00fcr B\u00fcrger und Einwohner mit st\u00e4ndigem Wohnsitz im Europ\u00e4ischen Wirtschaftsraum und der Schweiz.<\/i><br><\/p><h2>1. Introduction<\/h2><p>Unsere Website, http:\/\/www.gerster.com&nbsp;&nbsp;(im folgenden: &#8222;Die Website&#8220;) verwendet Cookies und \u00e4hnliche Technologien (der Einfachheit halber werden all diese unter &#8222;Cookies&#8220; zusammengefasst). Cookies werden au\u00dferdem von uns beauftragten Drittparteien platziert. In dem unten stehendem Dokument informieren wir dich \u00fcber die Verwendung von Cookies auf unserer Website.<\/p><h2>2. What are cookies?<\/h2><p>A cookie is a small, simple file that is sent along with pages of an internet address and can be stored by the web browser on a PC or other device. The information stored in them may be sent back to our servers or to the servers of relevant third parties during subsequent visits.<\/p><h2>3. What are scripts?<\/h2><p>A script is a piece of program code used to enable functionality and interactivity on our website. This code is executed either on our servers or on your device.<\/p><h2>4. Was ist ein Web Beacon?<\/h2><p>Ein Web-Beacon (auch Pixel-Tag genannt), ist ein kleines unsichtbares Textfragment oder Bild auf einer Website, das benutzt wird, um den Verkehr auf der Website zu \u00fcberwachen. Um dies zu erm\u00f6glichen werden diverse Daten von dir mittels Web-Beacons gespeichert.<\/p><h2>5. Cookies<\/h2><p class=\"cmplz-subtitle\">5.1 Technische oder funktionelle Cookies<\/p><p>Some cookies ensure that certain parts of the website function properly and that your user preferences remain known. By placing functional cookies, we make it easier for you to visit our website. This means you do not have to repeatedly enter the same information when visiting our website \u2014 for example, items remain in your shopping cart until you have paid. We may place these cookies without your consent.<\/p><p class=\"cmplz-subtitle\">5.2 Marketing- \/ Tracking-Cookies<\/p><p>Marketing \/ Tracking cookies are cookies or any other form of local storage used to create user profiles in order to display advertising or to track the user on this website or across several websites for similar marketing purposes.<\/p><p class=\"cmplz-subtitle\">5.3 Soziale Medien<\/p><p>We have embedded content from Instagram on our website to promote web pages (e.g., \u201clike\u201d, \u201cpin\u201d) or share (e.g., \u201ctweet\u201d) on social networks like Instagram. This content is embedded with code originating from Instagram and places cookies. This content may store and process certain information for personalized advertising.<\/p><p>Please read the privacy statements of these social networks (which may change regularly) to learn how they handle your (personal) data, which they process using these cookies. The data retrieved is anonymized as much as possible. Instagram is located in the United States.<\/p><h2>6. Platzierte Cookies<\/h2><div id=\"cmplz-cookies-overview\"><details class=\"cmplz-dropdown cmplz-service-desc cmplz-dropdown-cookiepolicy\">\n\t<summary class=\"cmplz-service-header\"><div>\n\t\t<h3>WordPress<\/h3>\n\t\t<p>Functional<\/p>\n\t\t<label class=\"cmplz_consent_per_service_label\" for=\"cmplz_service_wordpress\"><span class=\"screen-reader-text\">Consent to service wordpress<\/span><\/label>\n\t\t<input data-category=\"functional\" data-service=\"wordpress\" class=\"cmplz-accept-service cmplz-hidden\" id=\"cmplz_service_wordpress\" type=\"checkbox\"><\/div>\n\t<\/summary>\n\t<div class=\"cmplz-service-description\">\n\t\t<h4>Verwendung<\/h4>\n\t\t<p>Wir verwenden WordPress f\u00fcr Website-Entwicklung. <a href=\"https:\/\/cookiedatabase.org\/service\/wordpress\/\" rel=\"noopener noreferrer nofollow\">Mehr lesen<\/a><\/p>\n\t<\/div>\n\t<div class=\"cmplz-sharing-data\">\n\t\t<h4>Weitergabe von Daten<\/h4>\n\t\t<p>Diese Daten werden nicht an Dritte weitergegeben.<\/p>\n\t<\/div>\n\t<div class=\"cookies-per-purpose\">\n    <div class=\"purpose\"><h4>Functional<\/h4><\/div>\n    <div class=\"name-header\">\n\t<h5>Name<\/h5>\n<\/div>\n<div class=\"name\"><a href=\"https:\/\/cookiedatabase.org\/cookie\/wordpress\/wpemojisettingssupports\/\" rel=\"noopener noreferrer nofollow\">wpEmojiSettingsSupports<\/a><\/div>\n<div class=\"retention-header\">\n\t<h5>Ablaufdatum<\/h5>\n<\/div>\n<div class=\"retention\">Sitzung<\/div>\n<div class=\"function-header\">\n\t<h5>Funktion<\/h5>\n<\/div>\n<div class=\"function\">Speichere Browser-Angaben<\/div>\n<div class=\"name-header\">\n\t<h5>Name<\/h5>\n<\/div>\n<div class=\"name\"><a href=\"https:\/\/cookiedatabase.org\/cookie\/wordpress\/wp-settings\/\" rel=\"noopener noreferrer nofollow\">wp-settings-*<\/a><\/div>\n<div class=\"retention-header\">\n\t<h5>Ablaufdatum<\/h5>\n<\/div>\n<div class=\"retention\">best\u00e4ndig<\/div>\n<div class=\"function-header\">\n\t<h5>Funktion<\/h5>\n<\/div>\n<div class=\"function\">Speicher die Benutzervorlieben<\/div>\n<div class=\"name-header\">\n\t<h5>Name<\/h5>\n<\/div>\n<div class=\"name\"><a href=\"https:\/\/cookiedatabase.org\/cookie\/wordpress\/wp-settings-time\/\" rel=\"noopener noreferrer nofollow\">wp-settings-time-*<\/a><\/div>\n<div class=\"retention-header\">\n\t<h5>Ablaufdatum<\/h5>\n<\/div>\n<div class=\"retention\">1 Jahr<\/div>\n<div class=\"function-header\">\n\t<h5>Funktion<\/h5>\n<\/div>\n<div class=\"function\">Speicher die Benutzervorlieben<\/div>\n<div class=\"name-header\">\n\t<h5>Name<\/h5>\n<\/div>\n<div class=\"name\"><a href=\"https:\/\/cookiedatabase.org\/cookie\/wordpress\/wordpress_test_cookie\/\" rel=\"noopener noreferrer nofollow\">wordpress_test_cookie<\/a><\/div>\n<div class=\"retention-header\">\n\t<h5>Ablaufdatum<\/h5>\n<\/div>\n<div class=\"retention\">Sitzung<\/div>\n<div class=\"function-header\">\n\t<h5>Funktion<\/h5>\n<\/div>\n<div class=\"function\">\u00fcberpr\u00fcft, ob Cookies gesetzt werden k\u00f6nnen<\/div>\n<div class=\"name-header\">\n\t<h5>Name<\/h5>\n<\/div>\n<div class=\"name\"><a href=\"https:\/\/cookiedatabase.org\/cookie\/wordpress\/wordpress_logged_in_\/\" rel=\"noopener noreferrer nofollow\">wordpress_logged_in_*<\/a><\/div>\n<div class=\"retention-header\">\n\t<h5>Ablaufdatum<\/h5>\n<\/div>\n<div class=\"retention\">best\u00e4ndig<\/div>\n<div class=\"function-header\">\n\t<h5>Funktion<\/h5>\n<\/div>\n<div class=\"function\">Benutzer eingeloggt lassen<\/div>\n\n<\/div>\n<\/details>\n<details class=\"cmplz-dropdown cmplz-service-desc cmplz-dropdown-cookiepolicy\">\n\t<summary class=\"cmplz-service-header\"><div>\n\t\t<h3>Complianz<\/h3>\n\t\t<p>Gegenstand der Untersuchung<\/p>\n\t\t<label class=\"cmplz_consent_per_service_label\" for=\"cmplz_service_complianz\"><span class=\"screen-reader-text\">Consent to service complianz<\/span><\/label>\n\t\t<input data-category=\"functional\" data-service=\"complianz\" class=\"cmplz-accept-service cmplz-hidden\" id=\"cmplz_service_complianz\" type=\"checkbox\"><\/div>\n\t<\/summary>\n\t<div class=\"cmplz-service-description\">\n\t\t<h4>Verwendung<\/h4>\n\t\t<p>Wir verwenden Complianz f\u00fcr Verwaltung der Cookie-Einwilligung. <a href=\"https:\/\/cookiedatabase.org\/service\/complianz\/\" rel=\"noopener noreferrer nofollow\">Mehr lesen<\/a><\/p>\n\t<\/div>\n\t<div class=\"cmplz-sharing-data\">\n\t\t<h4>Weitergabe von Daten<\/h4>\n\t\t<p>Diese Daten werden nicht an Dritte weitergegeben.&nbsp;F\u00fcr weitere Informationen, bitte die <a href=\"https:\/\/complianz.io\/legal\/privacy-statement\/\" rel=\"noopener noreferrer\">Complianz Datenschutzerkl\u00e4rung<\/a> lesen.<\/p>\n\t<\/div>\n\t<div class=\"cookies-per-purpose\">\n    <div class=\"purpose\"><h4>Gegenstand der Untersuchung<\/h4><\/div>\n    <div class=\"name-header\">\n\t<h5>Name<\/h5>\n<\/div>\n<div class=\"name\"><a href=\"https:\/\/cookiedatabase.org\/cookie\/complianz\/cmplz_functional\/\" rel=\"noopener noreferrer nofollow\">cmplz_functional<\/a><\/div>\n<div class=\"retention-header\">\n\t<h5>Ablaufdatum<\/h5>\n<\/div>\n<div class=\"retention\">365 Tage<\/div>\n<div class=\"function-header\">\n\t<h5>Funktion<\/h5>\n<\/div>\n<div class=\"function\"><\/div>\n<div class=\"name-header\">\n\t<h5>Name<\/h5>\n<\/div>\n<div class=\"name\"><a href=\"https:\/\/cookiedatabase.org\/cookie\/complianz\/cmplz_preferences\/\" rel=\"noopener noreferrer nofollow\">cmplz_preferences<\/a><\/div>\n<div class=\"retention-header\">\n\t<h5>Ablaufdatum<\/h5>\n<\/div>\n<div class=\"retention\">365 Tage<\/div>\n<div class=\"function-header\">\n\t<h5>Funktion<\/h5>\n<\/div>\n<div class=\"function\"><\/div>\n<div class=\"name-header\">\n\t<h5>Name<\/h5>\n<\/div>\n<div class=\"name\"><a href=\"https:\/\/cookiedatabase.org\/cookie\/complianz\/cmplz_marketing\/\" rel=\"noopener noreferrer nofollow\">cmplz_marketing<\/a><\/div>\n<div class=\"retention-header\">\n\t<h5>Ablaufdatum<\/h5>\n<\/div>\n<div class=\"retention\">365 Tage<\/div>\n<div class=\"function-header\">\n\t<h5>Funktion<\/h5>\n<\/div>\n<div class=\"function\"><\/div>\n<div class=\"name-header\">\n\t<h5>Name<\/h5>\n<\/div>\n<div class=\"name\"><a href=\"https:\/\/cookiedatabase.org\/cookie\/complianz\/cmplz_consented_services\/\" rel=\"noopener noreferrer nofollow\">cmplz_consented_services<\/a><\/div>\n<div class=\"retention-header\">\n\t<h5>Ablaufdatum<\/h5>\n<\/div>\n<div class=\"retention\">365 Tage<\/div>\n<div class=\"function-header\">\n\t<h5>Funktion<\/h5>\n<\/div>\n<div class=\"function\"><\/div>\n\n<\/div>\n<\/details>\n<details class=\"cmplz-dropdown cmplz-service-desc cmplz-dropdown-cookiepolicy\">\n\t<summary class=\"cmplz-service-header\"><div>\n\t\t<h3>Sonstiges<\/h3>\n\t\t<p>Gegenstand der Untersuchung<\/p>\n\t\t<label class=\"cmplz_consent_per_service_label\" for=\"cmplz_service_sonstiges\"><span class=\"screen-reader-text\">Consent to service sonstiges<\/span><\/label>\n\t\t<input data-category=\"functional\" data-service=\"sonstiges\" class=\"cmplz-accept-service cmplz-hidden\" id=\"cmplz_service_sonstiges\" type=\"checkbox\"><\/div>\n\t<\/summary>\n\t<div class=\"cmplz-service-description\">\n\t\t<h4>Verwendung<\/h4>\n\t\t<p><\/p>\n\t<\/div>\n\t<div class=\"cmplz-sharing-data\">\n\t\t<h4>Weitergabe von Daten<\/h4>\n\t\t<p>Die Weitergabe von Daten wird noch untersucht<\/p>\n\t<\/div>\n\t<div class=\"cookies-per-purpose\">\n    <div class=\"purpose\"><h4>Gegenstand der Untersuchung<\/h4><\/div>\n    <div class=\"name-header\">\n\t<h5>Name<\/h5>\n<\/div>\n<div class=\"name\">cmplz_banner-status<\/div>\n<div class=\"retention-header\">\n\t<h5>Ablaufdatum<\/h5>\n<\/div>\n<div class=\"retention\">365 Tage<\/div>\n<div class=\"function-header\">\n\t<h5>Funktion<\/h5>\n<\/div>\n<div class=\"function\"><\/div>\n<div class=\"name-header\">\n\t<h5>Name<\/h5>\n<\/div>\n<div class=\"name\">cmplz_policy_id<\/div>\n<div class=\"retention-header\">\n\t<h5>Ablaufdatum<\/h5>\n<\/div>\n<div class=\"retention\">365 Tage<\/div>\n<div class=\"function-header\">\n\t<h5>Funktion<\/h5>\n<\/div>\n<div class=\"function\"><\/div>\n<div class=\"name-header\">\n\t<h5>Name<\/h5>\n<\/div>\n<div class=\"name\">cmplz_statistics<\/div>\n<div class=\"retention-header\">\n\t<h5>Ablaufdatum<\/h5>\n<\/div>\n<div class=\"retention\">365 Tage<\/div>\n<div class=\"function-header\">\n\t<h5>Funktion<\/h5>\n<\/div>\n<div class=\"function\"><\/div>\n<div class=\"name-header\">\n\t<h5>Name<\/h5>\n<\/div>\n<div class=\"name\">WP_DATA_USER_1<\/div>\n<div class=\"retention-header\">\n\t<h5>Ablaufdatum<\/h5>\n<\/div>\n<div class=\"retention\"><\/div>\n<div class=\"function-header\">\n\t<h5>Funktion<\/h5>\n<\/div>\n<div class=\"function\"><\/div>\n<div class=\"name-header\">\n\t<h5>Name<\/h5>\n<\/div>\n<div class=\"name\">WP_PREFERENCES_USER_1<\/div>\n<div class=\"retention-header\">\n\t<h5>Ablaufdatum<\/h5>\n<\/div>\n<div class=\"retention\"><\/div>\n<div class=\"function-header\">\n\t<h5>Funktion<\/h5>\n<\/div>\n<div class=\"function\"><\/div>\n\n<\/div>\n<\/details>\n<\/div><h2>7. Einwilligung<\/h2><p>When you visit our website for the first time, we show you a pop-up with an explanation about cookies. Once you click \u201cSave settings,\u201d you give us your consent to use the categories of cookies and plugins you selected as described in this Cookie Policy. You can disable the use of cookies via your browser, but please note that our website may no longer function properly.<\/p><p class=\"cmplz-subtitle\">7.1 Verwalte deine Einwilligungseinstellungen<\/p><div id=\"cmplz-manage-consent-container-nojavascript\">Du hast die Cookie-Richtlinie ohne Javascript-Unterst\u00fctzung geladen.&nbsp;Unter AMP kannst du den Button zum Zustimmen der Einwilligung unten auf der Seite verwenden.<\/div><div class=\"cmplz-manage-consent-container\" name=\"cmplz-manage-consent-container\" id=\"cmplz-manage-consent-container\"><\/div><h2>8. Aktivierung\/Deaktivierung und L\u00f6schen von Cookies<\/h2><p>You can use your internet browser to automatically or manually delete cookies. You can also specify that certain cookies may not be placed. Another option is to set your internet browser to notify you each time a cookie is placed. For more information about these options, refer to the instructions in your browser's Help section.<\/p><p>Please note that our website may not function properly if all cookies are disabled. If you do delete cookies in your browser, they will be placed again upon your next visit to our website.<\/p><h2>9. Deine Rechte in Bezug auf personenbezogene Daten<\/h2><p>You have the following rights with respect to your personal data:<\/p><ul>\n                    <li>You have the right to know why your personal data is needed, what happens to it, and how long it will be retained.<\/li>\n                    <li>Right of access: You have the right to access your personal data known to us.\n\t<\/li>\n                    <li>Right to rectification: You have the right to supplement, correct, delete, or block your personal data whenever you wish.<\/li>\n                    <li>If you give us consent to process your data, you have the right to revoke that consent and to have your personal data deleted.<\/li>\n                    <li>Right to data portability: You have the right to request all your personal data from the controller and transfer it in its entirety to another controller.<\/li>\n                    <li>Right to object: You may object to the processing of your data. We will comply with this, unless there are justified grounds for processing.<\/li>\n                <\/ul><p>To exercise these rights, please contact us. Please refer to the contact details at the end of this Cookie Policy. If you have a complaint about how we handle your data, we would like to hear from you, but you also have the right to lodge a complaint with the supervisory authority (data protection authority).<\/p><h2>10. Kontaktdaten<\/h2><p>For questions and\/or comments about our Cookie Policy and this statement, please contact us using the following contact details:<\/p><p><span class=\"cmplz-contact-organisation\">Gustav Gerster GmbH &amp; Co. KG<\/span><br>\n                      <span class=\"cmplz-contact-address\">Memminger Stra\u00dfe 18<br>\n88400 Biberach<\/span><br>\n                      <span class=\"cmplz-contact-country\">Germany<\/span><br>\n                    Website: <span class=\"cmplz-contact-domain\">http:\/\/www.gerster.com<\/span><br>\n                    E-Mail: <span class=\"cmplz-contact-email\"><span class=\"cmplz-obfuscate\">info@<span class=\"cmplz-fmail-domain\">ex.com<\/span>gerster.com<\/span><\/span><br>\n                    <span class=\"cmplz-contact-telephone\">Telefonnummer: (+49) 7351 586 500<\/span><\/p><p>This Cookie Policy was synchronized with cookiedatabase.org on July 22, 2025. <a href=\"https:\/\/cookiedatabase.org\/\">cookiedatabase.org<\/a> am 25. August 2025 synchronisiert.<\/p><\/div>\n\n\n<div style=\"height:100px\" aria-hidden=\"true\" class=\"wp-block-spacer\"><\/div>","protected":false},"excerpt":{"rendered":"<p>Cookie-Richtlinie<\/p>","protected":false},"author":1,"featured_media":0,"parent":0,"menu_order":0,"comment_status":"closed","ping_status":"closed","template":"","meta":{"_acf_changed":false,"footnotes":""},"class_list":["post-686","page","type-page","status-publish","hentry"],"acf":[],"yoast_head":"<!-- This site is optimized with the Yoast SEO plugin v27.5 - https:\/\/yoast.com\/product\/yoast-seo-wordpress\/ -->\n<title>Cookie-Richtlinie \u25ba Nutzung &amp; Einstellungen im \u00dcberblick<\/title>\n<meta name=\"description\" content=\"Informationen zu verwendeten Cookies, deren Zweck und Ihren Einstellungsm\u00f6glichkeiten. Transparente \u00dcbersicht. \u25ba Jetzt informieren!\" \/>\n<meta name=\"robots\" content=\"index, follow, max-snippet:-1, max-image-preview:large, max-video-preview:-1\" \/>\n<link rel=\"canonical\" href=\"https:\/\/www.gerster.com\/en\/cookie-richtlinie\/\" \/>\n<meta property=\"og:locale\" content=\"en_GB\" \/>\n<meta property=\"og:type\" content=\"article\" \/>\n<meta property=\"og:title\" content=\"Cookie-Richtlinie \u25ba Nutzung &amp; Einstellungen im \u00dcberblick\" \/>\n<meta property=\"og:description\" content=\"Informationen zu verwendeten Cookies, deren Zweck und Ihren Einstellungsm\u00f6glichkeiten. Transparente \u00dcbersicht. \u25ba Jetzt informieren!\" \/>\n<meta property=\"og:url\" content=\"https:\/\/www.gerster.com\/en\/cookie-richtlinie\/\" \/>\n<meta property=\"og:site_name\" content=\"Gerster HeimTex - Ihr Partner f\u00fcr hochwertige Gardinen, B\u00e4nder &amp; Accessoires\" \/>\n<meta property=\"article:publisher\" content=\"https:\/\/www.facebook.com\/GersterCollection\" \/>\n<meta property=\"article:modified_time\" content=\"2025-11-27T08:39:51+00:00\" \/>\n<meta name=\"twitter:card\" content=\"summary_large_image\" \/>\n<script type=\"application\/ld+json\" class=\"yoast-schema-graph\">{\"@context\":\"https:\\\/\\\/schema.org\",\"@graph\":[{\"@type\":\"WebPage\",\"@id\":\"https:\\\/\\\/www.gerster.com\\\/cookie-richtlinie\\\/\",\"url\":\"https:\\\/\\\/www.gerster.com\\\/cookie-richtlinie\\\/\",\"name\":\"Cookie-Richtlinie \u25ba Nutzung & Einstellungen im \u00dcberblick\",\"isPartOf\":{\"@id\":\"https:\\\/\\\/www.gerster.com\\\/en\\\/#website\"},\"datePublished\":\"2025-07-22T09:04:39+00:00\",\"dateModified\":\"2025-11-27T08:39:51+00:00\",\"description\":\"Informationen zu verwendeten Cookies, deren Zweck und Ihren Einstellungsm\u00f6glichkeiten. Transparente \u00dcbersicht. \u25ba Jetzt informieren!\",\"breadcrumb\":{\"@id\":\"https:\\\/\\\/www.gerster.com\\\/cookie-richtlinie\\\/#breadcrumb\"},\"inLanguage\":\"en-GB\",\"potentialAction\":[{\"@type\":\"ReadAction\",\"target\":[\"https:\\\/\\\/www.gerster.com\\\/cookie-richtlinie\\\/\"]}]},{\"@type\":\"BreadcrumbList\",\"@id\":\"https:\\\/\\\/www.gerster.com\\\/cookie-richtlinie\\\/#breadcrumb\",\"itemListElement\":[{\"@type\":\"ListItem\",\"position\":1,\"name\":\"Startseite\",\"item\":\"https:\\\/\\\/www.gerster.com\\\/\"},{\"@type\":\"ListItem\",\"position\":2,\"name\":\"Cookie-Richtlinie\"}]},{\"@type\":\"WebSite\",\"@id\":\"https:\\\/\\\/www.gerster.com\\\/en\\\/#website\",\"url\":\"https:\\\/\\\/www.gerster.com\\\/en\\\/\",\"name\":\"Gerster HeimTex - Ihr Partner f\u00fcr hochwertige Gardinen, B\u00e4nder & Accessoires\",\"description\":\"\",\"publisher\":{\"@id\":\"https:\\\/\\\/www.gerster.com\\\/en\\\/#organization\"},\"potentialAction\":[{\"@type\":\"SearchAction\",\"target\":{\"@type\":\"EntryPoint\",\"urlTemplate\":\"https:\\\/\\\/www.gerster.com\\\/en\\\/?s={search_term_string}\"},\"query-input\":{\"@type\":\"PropertyValueSpecification\",\"valueRequired\":true,\"valueName\":\"search_term_string\"}}],\"inLanguage\":\"en-GB\"},{\"@type\":\"Organization\",\"@id\":\"https:\\\/\\\/www.gerster.com\\\/en\\\/#organization\",\"name\":\"Gerster HeimTex - Ihr Partner f\u00fcr hochwertige Gardinen, B\u00e4nder & Accessoires\",\"url\":\"https:\\\/\\\/www.gerster.com\\\/en\\\/\",\"logo\":{\"@type\":\"ImageObject\",\"inLanguage\":\"en-GB\",\"@id\":\"https:\\\/\\\/www.gerster.com\\\/en\\\/#\\\/schema\\\/logo\\\/image\\\/\",\"url\":\"https:\\\/\\\/www.gerster.com\\\/wp-content\\\/uploads\\\/2025\\\/05\\\/gerster-hometex-logo.png\",\"contentUrl\":\"https:\\\/\\\/www.gerster.com\\\/wp-content\\\/uploads\\\/2025\\\/05\\\/gerster-hometex-logo.png\",\"width\":213,\"height\":84,\"caption\":\"Gerster HeimTex - Ihr Partner f\u00fcr hochwertige Gardinen, B\u00e4nder & Accessoires\"},\"image\":{\"@id\":\"https:\\\/\\\/www.gerster.com\\\/en\\\/#\\\/schema\\\/logo\\\/image\\\/\"},\"sameAs\":[\"https:\\\/\\\/www.facebook.com\\\/GersterCollection\",\"https:\\\/\\\/www.instagram.com\\\/gerster_biberach\\\/\",\"https:\\\/\\\/www.youtube.com\\\/user\\\/GersterCollection\\\/videos\"]}]}<\/script>\n<!-- \/ Yoast SEO plugin. -->","yoast_head_json":{"title":"Cookie-Richtlinie \u25ba Nutzung & Einstellungen im \u00dcberblick","description":"Informationen zu verwendeten Cookies, deren Zweck und Ihren Einstellungsm\u00f6glichkeiten. Transparente \u00dcbersicht. \u25ba Jetzt informieren!","robots":{"index":"index","follow":"follow","max-snippet":"max-snippet:-1","max-image-preview":"max-image-preview:large","max-video-preview":"max-video-preview:-1"},"canonical":"https:\/\/www.gerster.com\/en\/cookie-richtlinie\/","og_locale":"en_GB","og_type":"article","og_title":"Cookie-Richtlinie \u25ba Nutzung & Einstellungen im \u00dcberblick","og_description":"Informationen zu verwendeten Cookies, deren Zweck und Ihren Einstellungsm\u00f6glichkeiten. Transparente \u00dcbersicht. \u25ba Jetzt informieren!","og_url":"https:\/\/www.gerster.com\/en\/cookie-richtlinie\/","og_site_name":"Gerster HeimTex - Ihr Partner f\u00fcr hochwertige Gardinen, B\u00e4nder &amp; Accessoires","article_publisher":"https:\/\/www.facebook.com\/GersterCollection","article_modified_time":"2025-11-27T08:39:51+00:00","twitter_card":"summary_large_image","schema":{"@context":"https:\/\/schema.org","@graph":[{"@type":"WebPage","@id":"https:\/\/www.gerster.com\/cookie-richtlinie\/","url":"https:\/\/www.gerster.com\/cookie-richtlinie\/","name":"Cookie-Richtlinie \u25ba Nutzung & Einstellungen im \u00dcberblick","isPartOf":{"@id":"https:\/\/www.gerster.com\/en\/#website"},"datePublished":"2025-07-22T09:04:39+00:00","dateModified":"2025-11-27T08:39:51+00:00","description":"Informationen zu verwendeten Cookies, deren Zweck und Ihren Einstellungsm\u00f6glichkeiten. Transparente \u00dcbersicht. \u25ba Jetzt informieren!","breadcrumb":{"@id":"https:\/\/www.gerster.com\/cookie-richtlinie\/#breadcrumb"},"inLanguage":"en-GB","potentialAction":[{"@type":"ReadAction","target":["https:\/\/www.gerster.com\/cookie-richtlinie\/"]}]},{"@type":"BreadcrumbList","@id":"https:\/\/www.gerster.com\/cookie-richtlinie\/#breadcrumb","itemListElement":[{"@type":"ListItem","position":1,"name":"Startseite","item":"https:\/\/www.gerster.com\/"},{"@type":"ListItem","position":2,"name":"Cookie-Richtlinie"}]},{"@type":"WebSite","@id":"https:\/\/www.gerster.com\/en\/#website","url":"https:\/\/www.gerster.com\/en\/","name":"Gerster HeimTex - Ihr Partner f\u00fcr hochwertige Gardinen, B\u00e4nder & Accessoires","description":"","publisher":{"@id":"https:\/\/www.gerster.com\/en\/#organization"},"potentialAction":[{"@type":"SearchAction","target":{"@type":"EntryPoint","urlTemplate":"https:\/\/www.gerster.com\/en\/?s={search_term_string}"},"query-input":{"@type":"PropertyValueSpecification","valueRequired":true,"valueName":"search_term_string"}}],"inLanguage":"en-GB"},{"@type":"Organization","@id":"https:\/\/www.gerster.com\/en\/#organization","name":"Gerster HeimTex - Ihr Partner f\u00fcr hochwertige Gardinen, B\u00e4nder & Accessoires","url":"https:\/\/www.gerster.com\/en\/","logo":{"@type":"ImageObject","inLanguage":"en-GB","@id":"https:\/\/www.gerster.com\/en\/#\/schema\/logo\/image\/","url":"https:\/\/www.gerster.com\/wp-content\/uploads\/2025\/05\/gerster-hometex-logo.png","contentUrl":"https:\/\/www.gerster.com\/wp-content\/uploads\/2025\/05\/gerster-hometex-logo.png","width":213,"height":84,"caption":"Gerster HeimTex - Ihr Partner f\u00fcr hochwertige Gardinen, B\u00e4nder & Accessoires"},"image":{"@id":"https:\/\/www.gerster.com\/en\/#\/schema\/logo\/image\/"},"sameAs":["https:\/\/www.facebook.com\/GersterCollection","https:\/\/www.instagram.com\/gerster_biberach\/","https:\/\/www.youtube.com\/user\/GersterCollection\/videos"]}]}},"_links":{"self":[{"href":"https:\/\/www.gerster.com\/en\/wp-json\/wp\/v2\/pages\/686","targetHints":{"allow":["GET"]}}],"collection":[{"href":"https:\/\/www.gerster.com\/en\/wp-json\/wp\/v2\/pages"}],"about":[{"href":"https:\/\/www.gerster.com\/en\/wp-json\/wp\/v2\/types\/page"}],"author":[{"embeddable":true,"href":"https:\/\/www.gerster.com\/en\/wp-json\/wp\/v2\/users\/1"}],"replies":[{"embeddable":true,"href":"https:\/\/www.gerster.com\/en\/wp-json\/wp\/v2\/comments?post=686"}],"version-history":[{"count":4,"href":"https:\/\/www.gerster.com\/en\/wp-json\/wp\/v2\/pages\/686\/revisions"}],"predecessor-version":[{"id":2295,"href":"https:\/\/www.gerster.com\/en\/wp-json\/wp\/v2\/pages\/686\/revisions\/2295"}],"wp:attachment":[{"href":"https:\/\/www.gerster.com\/en\/wp-json\/wp\/v2\/media?parent=686"}],"curies":[{"name":"wp","href":"https:\/\/api.w.org\/{rel}","templated":true}]}}